{"id":29,"date":"2018-05-29T21:11:20","date_gmt":"2018-05-29T19:11:20","guid":{"rendered":"http:\/\/labrisedupilat.fr\/?page_id=29"},"modified":"2025-04-08T14:19:03","modified_gmt":"2025-04-08T12:19:03","slug":"education","status":"publish","type":"page","link":"https:\/\/labrisedupilat.fr\/index.php\/education\/","title":{"rendered":"Education"},"content":{"rendered":"<div class=\"entry-content\">\n<p><strong>L\u2019\u00e9cole \u00ab La Brise du Pilat \u00bb est une \u00e9cole familiale, ouverte \u00e0 tous, avec une ambiance sereine et conviviale.<\/strong><\/p>\n<p>D\u00e8s l\u2019inscription des enfants, l\u2019accent est mis sur un accueil individualis\u00e9 et une relation de confiance avec les familles.<\/p>\n<p><strong>Au cours de la scolarit\u00e9, le souci de communication est permanent <\/strong>:<\/p>\n<ul>\n<li>les informations sont transmises par internet ou sur support papier<\/li>\n<li>des r\u00e9unions de classe sont organis\u00e9es<\/li>\n<li>les enseignants sont \u00e0 la disposition des familles qui le souhaitent pour faire le point r\u00e9guli\u00e8rement<\/li>\n<li>les parents d\u00e9l\u00e9gu\u00e9s participent aux conseils d\u2019\u00e9cole<\/li>\n<li>les \u00e9l\u00e8ves d\u00e9l\u00e9gu\u00e9s repr\u00e9sentent leur classe lors des conseils des enfants.<\/li>\n<\/ul>\n<p><strong>Les familles font partie int\u00e9grante de la vie de l\u2019\u00e9cole<\/strong> :<\/p>\n<ul>\n<li>accompagnement lors des sorties scolaires<\/li>\n<li>aide aux ateliers<\/li>\n<li>aide aux activit\u00e9s sportives r\u00e9guli\u00e8res<\/li>\n<li>participation aux manifestations<\/li>\n<\/ul>\n<p><strong>L\u2019enfant est pris dans sa globalit\u00e9<\/strong> :<\/p>\n<p>C\u2019est <strong>une personne <\/strong>: nous faisons en sorte de d\u00e9velopper son autonomie, d\u2019encourager son initiative personnelle et de lui donner confiance en lui.<\/p>\n<p>C\u2019est <strong>un \u00e9l\u00e8ve <\/strong>: nous valorisons l\u2019effort, le soutenons dans ses apprentissages, acceptons l\u2019erreur comme moyen de progr\u00e8s et d\u00e9veloppons le go\u00fbt du travail bien fait en respectant son rythme.<\/p>\n<p>C\u2019est <strong>un esprit ouvert <\/strong>: nous favorisons le plaisir de la d\u00e9couverte, de l\u2019\u00e9merveillement. Nous faisons en sorte qu\u2019il s\u2019ouvre \u00e0 la diversit\u00e9 du monde et s\u2019\u00e9veille \u00e0 la vie spirituelle catholique.<\/p>\n<p>C\u2019est <strong>un citoyen <\/strong>: nous respectons sa personnalit\u00e9 et ses capacit\u00e9s, nous l\u2019incitons \u00e0 \u00eatre solidaire et attentif aux autres, \u00e0 \u00eatre respectueux de l\u2019avis des autres pour finalement accepter que l\u2019autre soit diff\u00e9rent.<\/p>\n<p>Notre volont\u00e9 d\u2019accepter l\u2019enfant tel qu\u2019il est nous conduit \u00e0 nous adapter aux handicaps de certains.<\/p>\n<p><strong>Ensemble, parents et \u00e9quipe \u00e9ducative, nous aidons les enfants \u00e0 grandir.<\/strong><\/p>\n<\/div>\n\n\n<figure class=\"wp-block-image size-large\"><img loading=\"lazy\" decoding=\"async\" width=\"1920\" height=\"2560\" src=\"https:\/\/labrisedupilat.fr\/wp-content\/uploads\/2025\/04\/20250305_141741-edited-scaled.jpg\" alt=\"\" class=\"wp-image-506\" srcset=\"https:\/\/labrisedupilat.fr\/wp-content\/uploads\/2025\/04\/20250305_141741-edited-scaled.jpg 1920w, https:\/\/labrisedupilat.fr\/wp-content\/uploads\/2025\/04\/20250305_141741-edited-225x300.jpg 225w, https:\/\/labrisedupilat.fr\/wp-content\/uploads\/2025\/04\/20250305_141741-edited-768x1024.jpg 768w, https:\/\/labrisedupilat.fr\/wp-content\/uploads\/2025\/04\/20250305_141741-edited-1152x1536.jpg 1152w, https:\/\/labrisedupilat.fr\/wp-content\/uploads\/2025\/04\/20250305_141741-edited-1536x2048.jpg 1536w\" sizes=\"(max-width: 767px) 89vw, (max-width: 1000px) 54vw, (max-width: 1071px) 543px, 580px\" \/><\/figure>\n","protected":false},"excerpt":{"rendered":"<p>L\u2019\u00e9cole \u00ab La Brise du Pilat \u00bb est une \u00e9cole familiale, ouverte \u00e0 tous, avec une ambiance sereine et conviviale. D\u00e8s l\u2019inscription des enfants, l\u2019accent est mis sur un accueil individualis\u00e9 et une relation de confiance avec les familles. Au cours de la scolarit\u00e9, le souci de communication est permanent : les informations sont transmises &hellip; <\/p>\n<p class=\"link-more\"><a href=\"https:\/\/labrisedupilat.fr\/index.php\/education\/\" class=\"more-link\">Continuer la lecture<span class=\"screen-reader-text\"> de &laquo;&nbsp;Education&nbsp;&raquo;<\/span><\/a><\/p>\n","protected":false},"author":1,"featured_media":104,"parent":0,"menu_order":0,"comment_status":"closed","ping_status":"closed","template":"","meta":{"footnotes":""},"_links":{"self":[{"href":"https:\/\/labrisedupilat.fr\/index.php\/wp-json\/wp\/v2\/pages\/29"}],"collection":[{"href":"https:\/\/labrisedupilat.fr\/index.php\/wp-json\/wp\/v2\/pages"}],"about":[{"href":"https:\/\/labrisedupilat.fr\/index.php\/wp-json\/wp\/v2\/types\/page"}],"author":[{"embeddable":true,"href":"https:\/\/labrisedupilat.fr\/index.php\/wp-json\/wp\/v2\/users\/1"}],"replies":[{"embeddable":true,"href":"https:\/\/labrisedupilat.fr\/index.php\/wp-json\/wp\/v2\/comments?post=29"}],"version-history":[{"count":5,"href":"https:\/\/labrisedupilat.fr\/index.php\/wp-json\/wp\/v2\/pages\/29\/revisions"}],"predecessor-version":[{"id":507,"href":"https:\/\/labrisedupilat.fr\/index.php\/wp-json\/wp\/v2\/pages\/29\/revisions\/507"}],"wp:featuredmedia":[{"embeddable":true,"href":"https:\/\/labrisedupilat.fr\/index.php\/wp-json\/wp\/v2\/media\/104"}],"wp:attachment":[{"href":"https:\/\/labrisedupilat.fr\/index.php\/wp-json\/wp\/v2\/media?parent=29"}],"curies":[{"name":"wp","href":"https:\/\/api.w.org\/{rel}","templated":true}]}}