{"id":31,"date":"2018-05-29T21:16:50","date_gmt":"2018-05-29T19:16:50","guid":{"rendered":"http:\/\/labrisedupilat.fr\/?page_id=31"},"modified":"2025-02-11T22:14:15","modified_gmt":"2025-02-11T21:14:15","slug":"pedagogie","status":"publish","type":"page","link":"https:\/\/labrisedupilat.fr\/index.php\/pedagogie\/","title":{"rendered":"P\u00e9dagogie"},"content":{"rendered":"\n<p><strong>La transmission de savoirs, savoirs faire et savoir \u00eatre est la pierre angulaire du travail des enseignantes.<\/strong><\/p>\n\n\n\n<p>Les apprentissages sont con\u00e7us et adapt\u00e9s aux \u00e9l\u00e8ves.<\/p>\n\n\n\n<p>Les comp\u00e9tences travaill\u00e9es rel\u00e8vent du programme de l\u2019\u00c9ducation Nationale. (notre \u00e9tablissement est en contrat avec l\u2019\u00c9tat)<\/p>\n\n\n<div class=\"entry-content\">\n<p><strong>Evaluations<\/strong><\/p>\n<p><strong>Un cahier de progr\u00e8s<\/strong> suit chaque enfant durant sa scolarit\u00e9 en maternelle. Ce cahier est un outil de suivi p\u00e9dagogique pour les enseignants et un moyen de liaison entre l\u2019\u00e9cole et les familles.<\/p>\n<a href=\"https:\/\/labrisedupilat.fr\/wp-content\/uploads\/2018\/06\/cahier-de-progr\u00e8s-logo.pdf\" class=\"pdfemb-viewer\" style=\"\" data-width=\"max\" data-height=\"max\" data-toolbar=\"bottom\" data-toolbar-fixed=\"off\">cahier de progr\u00e8s logo<\/a>\n<p style=\"text-align: center;\"><em>Document consultable par la barre d&rsquo;outil en bas du document<\/em><\/p>\n<p>A partir du cycle 2<strong>, le livret scolaire unique (LSU)<\/strong> est mis en place. Il suit l\u2019\u00e9l\u00e8ve jusqu\u2019\u00e0 la fin du cycle 4 (fin de 3<sup>\u00e8me<\/sup>). <a href=\"http:\/\/www.education.gouv.fr\/cid106168\/le-livret-scolaire-unique-du-cp-a-la-troisieme.html&amp;xtmc=livretscolaireunique&amp;xtnp=1&amp;xtcr=1\" target=\"_blank\" rel=\"noopener noreferrer\">Cliquez sur ce lien pour avoir plus d&rsquo;informations.<\/a><\/p>\n<p>Au primaire, <strong>des livrets d\u2019\u00e9valuation<\/strong> sont remis chaque trimestre aux familles leur permettant de suivre le travail de leurs enfants.<\/p>\n<p><strong>Projet d\u2019\u00e9cole\u00a0: Etre bien avec soi et avec les autres pour mieux apprendre<\/strong><\/p>\n<p>Compte-tenu de nos observations en classe (difficult\u00e9 d\u2019expression des \u00e9motions, fatigue, manque d\u2019attention, d\u2019organisation et de confiance, difficult\u00e9 de m\u00e9morisation\u2026), nous constatons que l\u2019organisation de l\u2019\u00e9cole ne r\u00e9pond pas au mieux aux besoins de nos \u00e9l\u00e8ves pour apprendre dans de bonnes conditions.<\/p>\n<p>De ce fait, nous nous sommes engag\u00e9s \u00e0 nous former r\u00e9guli\u00e8rement sur les diff\u00e9rentes p\u00e9dagogies, les m\u00e9thodes d\u2019apprentissage et les apports des neurosciences qui pourraient faire \u00e9voluer nos pratiques.<\/p>\n<p>Notre objectif est de conduire nos \u00e9l\u00e8ves \u00e0 \u00ab\u00a0\u00eatre bien avec soi et avec les autres pour mieux apprendre\u00a0\u00bb. Pour les trois ann\u00e9es \u00e0 venir, il se d\u00e9clinera en plusieurs volets :<\/p>\n<ul>\n<li>\u00eatre bien dans son corps (alimentation, sommeil, relaxation)<\/li>\n<li>\u00eatre bien avec soi (gestion et expression des \u00e9motions, confiance en soi)<\/li>\n<li>\u00eatre bien avec les autres (communication bienveillante, messages clairs, gestion des conflits, conseil d\u2019\u00e9l\u00e8ves, d\u00e9bats collectifs)<\/li>\n<li>\u00eatre bien dans les apprentissages (attention, concentration, m\u00e9morisation, autonomie)<\/li>\n<li>\u00eatre bien dans le monde (ateliers philosophiques, actions de solidarit\u00e9)<\/li>\n<\/ul>\n<p><strong>Nos partenaires<\/strong><\/p>\n<p>\u00b7 Une journ\u00e9e Mini-6\u00e8me est organis\u00e9e pour pr\u00e9parer au mieux l\u2019entr\u00e9e au coll\u00e8ge. Une r\u00e9elle collaboration existe entre les \u00e9tablissements : d\u00e9fis CM2 \/ 6e, r\u00e9unions avec participation du chef d\u2019\u00e9tablissement du coll\u00e8ge\u2026<\/p>\n<p>\u00b7 Le parc du Pilat propose des actions p\u00e9dagogiques auxquelles l\u2019\u00e9cole participe : op\u00e9ration Pilat propre, d\u00e9couverte du Pilat, lecture du paysage\u2026<\/p>\n<p>\u00b7 Des associations viennent pr\u00e9senter leurs activit\u00e9s et proposent des initiations : rugby, basket, poney\u2026<\/p>\n<p>\u00b7 La communaut\u00e9 de communes permet l\u2019acc\u00e8s \u00e0 l\u2019espace \u00ab eaux vives \u00bb \u00e0 Saint-Pierre-de-B\u0153uf, et un cycle de kayak est mis en place chaque ann\u00e9e.<\/p>\n<p>\u00b7 La piscine d\u2019Annonay accueille les classes de CP et CE1 pour un cycle piscine de 10 s\u00e9ances.<\/p>\n<p>\u00b7 Dans le cadre des projets de classe, les \u00e9l\u00e8ves sont invit\u00e9s \u00e0 visiter diverses infrastructures : archives d\u00e9partementales \u00e0 Saint-\u00c9tienne, mus\u00e9es, expositions \u00e0 la biblioth\u00e8que, la Rotonde\u2026<\/p>\n<p>\u00b7 Biblioth\u00e8que de Maclas, m\u00e9diath\u00e8que Le Shed, ludoth\u00e8que de Chavanay, Cin\u00e9pilat\u2026<\/p>\n<p><strong>Formations<\/strong><\/p>\n<p>Chaque ann\u00e9e, des enseignants suivent des formations pendant leur temps libre :<\/p>\n<p>&#8211; L\u2019\u00e9cole du dehors<\/p>\n<p>-R\u00e9solution de probl\u00e8mes<\/p>\n<p>-\u00c9valuation positive<\/p>\n<p>-Gestion mentale<\/p>\n<p>-Mieux vivre la relation pour mieux \u00e9duquer \u00e0 la relation<\/p>\n<p>-Approches neurosensorielles et \u00e9ducation aux \u00e9motions<\/p>\n<\/div>","protected":false},"excerpt":{"rendered":"<p>La transmission de savoirs, savoirs faire et savoir \u00eatre est la pierre angulaire du travail des enseignantes. Les apprentissages sont con\u00e7us et adapt\u00e9s aux \u00e9l\u00e8ves. Les comp\u00e9tences travaill\u00e9es rel\u00e8vent du programme de l\u2019\u00c9ducation Nationale. (notre \u00e9tablissement est en contrat avec l\u2019\u00c9tat) Evaluations Un cahier de progr\u00e8s suit chaque enfant durant sa scolarit\u00e9 en maternelle. Ce &hellip; <\/p>\n<p class=\"link-more\"><a href=\"https:\/\/labrisedupilat.fr\/index.php\/pedagogie\/\" class=\"more-link\">Continuer la lecture<span class=\"screen-reader-text\"> de &laquo;&nbsp;P\u00e9dagogie&nbsp;&raquo;<\/span><\/a><\/p>\n","protected":false},"author":1,"featured_media":195,"parent":0,"menu_order":0,"comment_status":"closed","ping_status":"closed","template":"","meta":{"footnotes":""},"_links":{"self":[{"href":"https:\/\/labrisedupilat.fr\/index.php\/wp-json\/wp\/v2\/pages\/31"}],"collection":[{"href":"https:\/\/labrisedupilat.fr\/index.php\/wp-json\/wp\/v2\/pages"}],"about":[{"href":"https:\/\/labrisedupilat.fr\/index.php\/wp-json\/wp\/v2\/types\/page"}],"author":[{"embeddable":true,"href":"https:\/\/labrisedupilat.fr\/index.php\/wp-json\/wp\/v2\/users\/1"}],"replies":[{"embeddable":true,"href":"https:\/\/labrisedupilat.fr\/index.php\/wp-json\/wp\/v2\/comments?post=31"}],"version-history":[{"count":9,"href":"https:\/\/labrisedupilat.fr\/index.php\/wp-json\/wp\/v2\/pages\/31\/revisions"}],"predecessor-version":[{"id":485,"href":"https:\/\/labrisedupilat.fr\/index.php\/wp-json\/wp\/v2\/pages\/31\/revisions\/485"}],"wp:featuredmedia":[{"embeddable":true,"href":"https:\/\/labrisedupilat.fr\/index.php\/wp-json\/wp\/v2\/media\/195"}],"wp:attachment":[{"href":"https:\/\/labrisedupilat.fr\/index.php\/wp-json\/wp\/v2\/media?parent=31"}],"curies":[{"name":"wp","href":"https:\/\/api.w.org\/{rel}","templated":true}]}}