{"id":35,"date":"2018-05-29T21:18:08","date_gmt":"2018-05-29T19:18:08","guid":{"rendered":"http:\/\/labrisedupilat.fr\/?page_id=35"},"modified":"2023-02-15T21:19:12","modified_gmt":"2023-02-15T20:19:12","slug":"institution","status":"publish","type":"page","link":"https:\/\/labrisedupilat.fr\/index.php\/institution\/","title":{"rendered":"Institution"},"content":{"rendered":"<div class=\"entry-content\">\n<p><strong>L\u2019\u00e9cole Catholique \u00ab La Brise du Pilat \u00bb se d\u00e9finit comme un \u00e9tablissement scolaire r\u00e9pondant aux exigences dict\u00e9es par le contrat d\u2019association qui la lie \u00e0 l\u2019\u00e9tat (depuis 1993). De ce fait, nous nous devons de respecter les programmes officiels \u00e9dit\u00e9s par le minist\u00e8re de l\u2019Education Nationale.<\/strong><\/p>\n<p>Dans ce cadre juridique cet \u00e9tablissement se veut une communaut\u00e9 \u00e9ducative plac\u00e9e sous tutelle du dioc\u00e8se de St Etienne.<\/p>\n<p><strong>Les parents d\u2019\u00e9l\u00e8ves sont repr\u00e9sent\u00e9s au sein de l\u2019<a href=\"https:\/\/labrisedupilat.fr\/index.php\/apel\/\">ABRI<\/a> et de l\u2019<a href=\"https:\/\/labrisedupilat.fr\/index.php\/ogec\/\">OGEC (Organisme de Gestion de l\u2019Enseignement Catholique)<\/a>.<\/strong><\/p>\n<p>L\u2019\u00e9cole \u00ab <strong>La Brise du Pilat<\/strong> \u00bb trouve sa r\u00e9alit\u00e9 de vie au c\u0153ur du <strong>\u00ab Projet d\u2019\u00e9tablissement \u00bb<\/strong>, auquel chaque partie prenante se doit d\u2019adh\u00e9rer par le libre choix qu\u2019elle en a fait.<\/p>\n<\/div>\n","protected":false},"excerpt":{"rendered":"<p>L\u2019\u00e9cole Catholique \u00ab La Brise du Pilat \u00bb se d\u00e9finit comme un \u00e9tablissement scolaire r\u00e9pondant aux exigences dict\u00e9es par le contrat d\u2019association qui la lie \u00e0 l\u2019\u00e9tat (depuis 1993). De ce fait, nous nous devons de respecter les programmes officiels \u00e9dit\u00e9s par le minist\u00e8re de l\u2019Education Nationale. Dans ce cadre juridique cet \u00e9tablissement se veut &hellip; <\/p>\n<p class=\"link-more\"><a href=\"https:\/\/labrisedupilat.fr\/index.php\/institution\/\" class=\"more-link\">Continuer la lecture<span class=\"screen-reader-text\"> de &laquo;&nbsp;Institution&nbsp;&raquo;<\/span><\/a><\/p>\n","protected":false},"author":1,"featured_media":0,"parent":0,"menu_order":0,"comment_status":"closed","ping_status":"closed","template":"","meta":{"footnotes":""},"_links":{"self":[{"href":"https:\/\/labrisedupilat.fr\/index.php\/wp-json\/wp\/v2\/pages\/35"}],"collection":[{"href":"https:\/\/labrisedupilat.fr\/index.php\/wp-json\/wp\/v2\/pages"}],"about":[{"href":"https:\/\/labrisedupilat.fr\/index.php\/wp-json\/wp\/v2\/types\/page"}],"author":[{"embeddable":true,"href":"https:\/\/labrisedupilat.fr\/index.php\/wp-json\/wp\/v2\/users\/1"}],"replies":[{"embeddable":true,"href":"https:\/\/labrisedupilat.fr\/index.php\/wp-json\/wp\/v2\/comments?post=35"}],"version-history":[{"count":4,"href":"https:\/\/labrisedupilat.fr\/index.php\/wp-json\/wp\/v2\/pages\/35\/revisions"}],"predecessor-version":[{"id":436,"href":"https:\/\/labrisedupilat.fr\/index.php\/wp-json\/wp\/v2\/pages\/35\/revisions\/436"}],"wp:attachment":[{"href":"https:\/\/labrisedupilat.fr\/index.php\/wp-json\/wp\/v2\/media?parent=35"}],"curies":[{"name":"wp","href":"https:\/\/api.w.org\/{rel}","templated":true}]}}