{"id":380,"date":"2019-12-04T21:23:53","date_gmt":"2019-12-04T20:23:53","guid":{"rendered":"http:\/\/labrisedupilat.fr\/?page_id=380"},"modified":"2019-12-04T21:31:18","modified_gmt":"2019-12-04T20:31:18","slug":"article-maclaire-2019","status":"publish","type":"page","link":"https:\/\/labrisedupilat.fr\/index.php\/article-maclaire-2019\/","title":{"rendered":"Article Maclaire 2019"},"content":{"rendered":"\n<p>C\u2019est l\u2019occasion pour l\u2019APEL (l\u2019association des parents d\u2019\u00e9l\u00e8ves de la Brise du Pilat) de revenir sur une ann\u00e9e pleine de changements et de moments forts pleinement r\u00e9ussis. <\/p>\n\n\n\n<p>L\u2019\u00e9cole priv\u00e9e \u00abLa Brise du Pilat\u00bb a v\u00e9cu cette ann\u00e9e une modification importante de son \u00e9quipe enseignante. Nous avons en effet accueilli une nouvelle directrice, Nelly PINET, pleine de dynamisme et de projets, ainsi que deux nouvelles institutrices, Isabelle PEYRARD et B\u00e9atrice COILLET, venant compl\u00e9ter les quatre membres de l\u2019ancienne \u00e9quipe d\u00e9j\u00e0 pr\u00e9sents depuis plusieurs ann\u00e9es. Un changement donc important dans lequel l\u2019APEL a cherch\u00e9 \u00e0 maintenir une certaine continuit\u00e9 tout en int\u00e9grant les nouveaut\u00e9s.<\/p>\n\n\n\n<p>Outre le lien entre parents et \u00e9quipe enseignante, le r\u00f4le de l\u2019APEL est de participer au financement \u00e0 la fois des projets p\u00e9dagogiques et \u00e9ducatifs de l\u2019\u00e9cole, et aux transports lors des diff\u00e9rentes sorties scolaires. Pour se faire, nous organisons des temps forts qui sont, pour autant, essentiellement l\u2019occasion de partage et de rencontres pour les familles de l\u2019\u00e9cole. <\/p>\n\n\n\n<p>\u2022 La matin\u00e9e diots\/caillettes\/tripes\/frites, traditionnellement propos\u00e9e en mars a ouvert le bal le 25 novembre 2018. Cette manifestation, dont la particularit\u00e9 est de s\u2019ouvrir au village de Maclas, a tr\u00e8s bien fonctionn\u00e9. Nous organisons une tombola en amont, dont le tirage est effectu\u00e9 lors de notre matin\u00e9e.<\/p>\n\n\n\n<figure class=\"wp-block-image size-large\"><img loading=\"lazy\" decoding=\"async\" width=\"1024\" height=\"512\" src=\"https:\/\/labrisedupilat.fr\/wp-content\/uploads\/2019\/12\/341-1024x512.jpg\" alt=\"\" class=\"wp-image-383\" srcset=\"https:\/\/labrisedupilat.fr\/wp-content\/uploads\/2019\/12\/341-1024x512.jpg 1024w, https:\/\/labrisedupilat.fr\/wp-content\/uploads\/2019\/12\/341-300x150.jpg 300w, https:\/\/labrisedupilat.fr\/wp-content\/uploads\/2019\/12\/341-768x384.jpg 768w, https:\/\/labrisedupilat.fr\/wp-content\/uploads\/2019\/12\/341-1536x768.jpg 1536w, https:\/\/labrisedupilat.fr\/wp-content\/uploads\/2019\/12\/341-2048x1024.jpg 2048w\" sizes=\"(max-width: 767px) 89vw, (max-width: 1000px) 54vw, (max-width: 1071px) 543px, 580px\" \/><\/figure>\n\n\n\n<p>\u2022 Lors des chants de No\u00ebl du jeudi 20 d\u00e9cembre 2018 qui ont enchant\u00e9s petits et grands, nous avons offert le verre de l\u2019amiti\u00e9 aux familles et organis\u00e9 une vente de pizzas.<\/p>\n\n\n\n<p>\u2022 Pour No\u00ebl, un go\u00fbter a \u00e9t\u00e9 offert aux enfants le dernier jour d\u2019\u00e9cole. <\/p>\n\n\n\n<p>\u2022 Le 17 mars 2019, nous avons r\u00e9alis\u00e9 notre tout premier loto et la mobilisation a \u00e9t\u00e9 g\u00e9n\u00e9rale. Au-del\u00e0 de l\u2019\u00e9quipe de l\u2019APEL, les parents ont r\u00e9pondu pr\u00e9sents le jour J, les enseignants ont \u00e9t\u00e9 sollicit\u00e9s pour la distribution des cartons et, surtout, les enfants se sont \u00e9norm\u00e9ment mobilis\u00e9s pour vendre la totalit\u00e9 des cartons. Gr\u00e2ce \u00e0 toutes ces forces, ce premier loto a \u00e9t\u00e9 une formidable r\u00e9ussite.<\/p>\n\n\n\n<figure class=\"wp-block-image size-large\"><img loading=\"lazy\" decoding=\"async\" width=\"1024\" height=\"512\" src=\"https:\/\/labrisedupilat.fr\/wp-content\/uploads\/2019\/03\/IMG_20190317_1703241-1-1024x512.jpg\" alt=\"\" class=\"wp-image-351\" srcset=\"https:\/\/labrisedupilat.fr\/wp-content\/uploads\/2019\/03\/IMG_20190317_1703241-1-1024x512.jpg 1024w, https:\/\/labrisedupilat.fr\/wp-content\/uploads\/2019\/03\/IMG_20190317_1703241-1-300x150.jpg 300w, https:\/\/labrisedupilat.fr\/wp-content\/uploads\/2019\/03\/IMG_20190317_1703241-1-768x384.jpg 768w, https:\/\/labrisedupilat.fr\/wp-content\/uploads\/2019\/03\/IMG_20190317_1703241-1.jpg 1500w\" sizes=\"(max-width: 767px) 89vw, (max-width: 1000px) 54vw, (max-width: 1071px) 543px, 580px\" \/><\/figure>\n\n\n\n<p>\u2022 Le 22 mars 2019, le carnaval a \u00e9t\u00e9 organis\u00e9 par les parents des deux \u00e9coles. Un beau cort\u00e8ge a d\u00e9fil\u00e9 dans les rues. Les enfants ont ensuite pu danser et  d\u00e9guster gratuitement les plats sal\u00e9s ou sucr\u00e9s confectionn\u00e9s par les parents. Nous esp\u00e9rons reconduire l\u2019ann\u00e9e prochaine ce moment tr\u00e8s agr\u00e9able inter-\u00e9cole.<\/p>\n\n\n\n<p>\u2022 Pour les f\u00eates de P\u00e2ques, une vente de chocolats et de berlingots a \u00e9t\u00e9 propos\u00e9e en remplacement de la vente des chocolats de No\u00ebl. Ce rendez-vous ayant eu moins de succ\u00e8s que les ann\u00e9es pr\u00e9c\u00e9dentes, nous verrons si nous la reconduirons sous cette forme. <\/p>\n\n\n\n<p>\u2022 Le 17 juin, a eu lieu \u00e0 l\u2019\u00e9cole l\u2019inauguration des peintures install\u00e9es dans les deux cours Tous les enfants des \u00e9coles maternelle et primaire ont particip\u00e9 \u00e0 la confection de ces chefs d\u2019oeuvres color\u00e9s en collaboration avec Agn\u00e8s VEYRE-SERRE, artiste plasticienne. Ce grand projet a \u00e9t\u00e9 \u00e0 l\u2019initiative de l\u2019\u00e9quipe enseignante et financ\u00e9 par l\u2019APEL.<\/p>\n\n\n\n<div class=\"wp-block-image\"><figure class=\"aligncenter size-large\"><img loading=\"lazy\" decoding=\"async\" width=\"1024\" height=\"512\" src=\"https:\/\/labrisedupilat.fr\/wp-content\/uploads\/2019\/12\/345-1024x512.jpg\" alt=\"\" class=\"wp-image-387\" srcset=\"https:\/\/labrisedupilat.fr\/wp-content\/uploads\/2019\/12\/345-1024x512.jpg 1024w, https:\/\/labrisedupilat.fr\/wp-content\/uploads\/2019\/12\/345-300x150.jpg 300w, https:\/\/labrisedupilat.fr\/wp-content\/uploads\/2019\/12\/345-768x384.jpg 768w, https:\/\/labrisedupilat.fr\/wp-content\/uploads\/2019\/12\/345-1536x768.jpg 1536w, https:\/\/labrisedupilat.fr\/wp-content\/uploads\/2019\/12\/345-2048x1024.jpg 2048w\" sizes=\"(max-width: 767px) 89vw, (max-width: 1000px) 54vw, (max-width: 1071px) 543px, 580px\" \/><\/figure><\/div>\n\n\n\n<div class=\"wp-block-image\"><figure class=\"aligncenter size-large is-resized\"><img loading=\"lazy\" decoding=\"async\" src=\"https:\/\/labrisedupilat.fr\/wp-content\/uploads\/2019\/12\/342-768x1024.jpg\" alt=\"\" class=\"wp-image-384\" width=\"479\" height=\"638\" srcset=\"https:\/\/labrisedupilat.fr\/wp-content\/uploads\/2019\/12\/342-768x1024.jpg 768w, https:\/\/labrisedupilat.fr\/wp-content\/uploads\/2019\/12\/342-225x300.jpg 225w, https:\/\/labrisedupilat.fr\/wp-content\/uploads\/2019\/12\/342-1152x1536.jpg 1152w, https:\/\/labrisedupilat.fr\/wp-content\/uploads\/2019\/12\/342-1536x2048.jpg 1536w, https:\/\/labrisedupilat.fr\/wp-content\/uploads\/2019\/12\/342-scaled.jpg 1920w\" sizes=\"(max-width: 479px) 100vw, 479px\" \/><\/figure><\/div>\n\n\n\n<div class=\"wp-block-image\"><figure class=\"aligncenter size-large is-resized\"><img loading=\"lazy\" decoding=\"async\" src=\"https:\/\/labrisedupilat.fr\/wp-content\/uploads\/2019\/12\/343-768x1024.jpg\" alt=\"\" class=\"wp-image-385\" width=\"479\" height=\"639\" srcset=\"https:\/\/labrisedupilat.fr\/wp-content\/uploads\/2019\/12\/343-768x1024.jpg 768w, https:\/\/labrisedupilat.fr\/wp-content\/uploads\/2019\/12\/343-225x300.jpg 225w, https:\/\/labrisedupilat.fr\/wp-content\/uploads\/2019\/12\/343-1152x1536.jpg 1152w, https:\/\/labrisedupilat.fr\/wp-content\/uploads\/2019\/12\/343-1536x2048.jpg 1536w, https:\/\/labrisedupilat.fr\/wp-content\/uploads\/2019\/12\/343-scaled.jpg 1920w\" sizes=\"(max-width: 479px) 100vw, 479px\" \/><figcaption><br><\/figcaption><\/figure><\/div>\n\n\n\n<p>\u2022 Enfin, la saison s\u2019est termin\u00e9e par la plus grosse de nos manifestations tant sur le plan de l\u2019organisation que des b\u00e9n\u00e9fices engrang\u00e9s : la kermesse qui a eu lieu le 30 juin 2019. L\u2019organisation annexe au spectacle offert par les enseignants et les enfants est totalement g\u00e9r\u00e9e par l\u2019APEL : les stands de jeux, la buvette et les repas pour 300 personnes. Cette ann\u00e9e, la kermesse s\u2019est de nouveau r\u00e9alis\u00e9e sur la journ\u00e9e compl\u00e8te avec comme fil conducteur les diff\u00e9rentes actions p\u00e9dagogiques r\u00e9alis\u00e9es cette ann\u00e9e. La canicule a grandement modifi\u00e9 et perturb\u00e9 son d\u00e9roulement. Tout a \u00e9t\u00e9 am\u00e9nag\u00e9 pour palier \u00e0 une chaleur \u00e9crasante. Ainsi, le spectacle s\u2019est d\u00e9roul\u00e9 sur la matin\u00e9e au lieu d\u2019\u00eatre en deux parties, tandis que les stands ont \u00e9t\u00e9 ouverts seulement \u00e0 la suite. La pa\u00eblla a \u00e9t\u00e9 cependant prise d\u2019assaut avec la proposition faite aux familles d\u2019emporter leur repas au lieu de rester sur place (180 repas vendus +100 repas enfants). Les cr\u00e9neaux horaires des stands ayant \u00e9t\u00e9 r\u00e9duits de moiti\u00e9 et l\u2019affluence plus faible, la kermesse s\u2019est donc termin\u00e9e beaucoup plus t\u00f4t que les ann\u00e9es pr\u00e9c\u00e9dentes et le b\u00e9n\u00e9fice engrang\u00e9 bien inf\u00e9rieur. Mais nous sommes tout de m\u00eame tr\u00e8s satisfaits que cette f\u00eate ait pu se d\u00e9rouler dans des conditions supportables.<\/p>\n\n\n\n<p>Lors de cette kermesse, les familles ont pu d\u00e9couvrir la nouvelle constitution du bureau, grandement modifi\u00e9e pour l\u2019ann\u00e9e prochaine. Nous remercions donc Myriam DUMEZ, Didier PONSON et Laurence ROUDON qui laissent respectivement leur poste de pr\u00e9sidente, vice-pr\u00e9sident et tr\u00e9sori\u00e8re. Merci \u00e0 eux pour leur pr\u00e9cieux investissement et leur enthousiasme qui ont dynamis\u00e9 l\u2019\u00e9quipe de l\u2019APEL.<br>\nLe nouveau bureau est donc constitu\u00e9 de Magali BARROU, pr\u00e9sidente, Emmanuelle STAWOWSKI, vice-pr\u00e9sidente, Mireille DEVILLE, tr\u00e9sori\u00e8re, Nathalie DEGAND, vice-tr\u00e9sori\u00e8re et Vanessa MORIN qui reste \u00e0 son poste de secr\u00e9taire.<\/p>\n\n\n\n<p>Nous profitons de l\u2019occasion qui nous est offerte pour souligner le dynamisme et l\u2019investissement des enseignants de l\u2019\u00e9cole qui permettent \u00e0 nos enfants de s\u2019\u00e9panouir \u00e0 leurs c\u00f4t\u00e9s. Ce dynamisme perdure depuis plusieurs ann\u00e9es et nous constatons que le changement de l\u2019\u00e9quipe ne modifie en rien sa vivacit\u00e9. Nous les en remercions sinc\u00e8rement et chaleureusement. <br>\nMerci \u00e9galement aux parents qui tout au long de l\u2019ann\u00e9e donnent de leur temps. C\u2019est une aide dont on n\u2019imagine pas toujours la n\u00e9cessit\u00e9 et qui est incroyablement pr\u00e9cieuse.<br>\nNous remercions aussi la mairie qui nous alloue chaque ann\u00e9e des subventions.<\/p>\n\n\n\n<p>En conclusion, nous vous invitons \u00e0 participer \u00e0 nos prochaines manifestations qui sont toujours l\u2019occasion de bons moments.<\/p>\n\n\n\n<p>Magali BARROU<\/p>\n\n\n\n<p><\/p>\n\n\n\n<p><\/p>\n","protected":false},"excerpt":{"rendered":"<p>C\u2019est l\u2019occasion pour l\u2019APEL (l\u2019association des parents d\u2019\u00e9l\u00e8ves de la Brise du Pilat) de revenir sur une ann\u00e9e pleine de changements et de moments forts pleinement r\u00e9ussis. L\u2019\u00e9cole priv\u00e9e \u00abLa Brise du Pilat\u00bb a v\u00e9cu cette ann\u00e9e une modification importante de son \u00e9quipe enseignante. Nous avons en effet accueilli une nouvelle directrice, Nelly PINET, pleine &hellip; <\/p>\n<p class=\"link-more\"><a href=\"https:\/\/labrisedupilat.fr\/index.php\/article-maclaire-2019\/\" class=\"more-link\">Continuer la lecture<span class=\"screen-reader-text\"> de &laquo;&nbsp;Article Maclaire 2019&nbsp;&raquo;<\/span><\/a><\/p>\n","protected":false},"author":1,"featured_media":0,"parent":0,"menu_order":0,"comment_status":"closed","ping_status":"closed","template":"","meta":{"footnotes":""},"_links":{"self":[{"href":"https:\/\/labrisedupilat.fr\/index.php\/wp-json\/wp\/v2\/pages\/380"}],"collection":[{"href":"https:\/\/labrisedupilat.fr\/index.php\/wp-json\/wp\/v2\/pages"}],"about":[{"href":"https:\/\/labrisedupilat.fr\/index.php\/wp-json\/wp\/v2\/types\/page"}],"author":[{"embeddable":true,"href":"https:\/\/labrisedupilat.fr\/index.php\/wp-json\/wp\/v2\/users\/1"}],"replies":[{"embeddable":true,"href":"https:\/\/labrisedupilat.fr\/index.php\/wp-json\/wp\/v2\/comments?post=380"}],"version-history":[{"count":3,"href":"https:\/\/labrisedupilat.fr\/index.php\/wp-json\/wp\/v2\/pages\/380\/revisions"}],"predecessor-version":[{"id":390,"href":"https:\/\/labrisedupilat.fr\/index.php\/wp-json\/wp\/v2\/pages\/380\/revisions\/390"}],"wp:attachment":[{"href":"https:\/\/labrisedupilat.fr\/index.php\/wp-json\/wp\/v2\/media?parent=380"}],"curies":[{"name":"wp","href":"https:\/\/api.w.org\/{rel}","templated":true}]}}