{"id":438,"date":"2023-02-15T21:37:27","date_gmt":"2023-02-15T20:37:27","guid":{"rendered":"http:\/\/labrisedupilat.fr\/?page_id=438"},"modified":"2023-02-15T21:37:27","modified_gmt":"2023-02-15T20:37:27","slug":"petit-tour-dhorizon-de-lannee-2022-2023","status":"publish","type":"page","link":"https:\/\/labrisedupilat.fr\/index.php\/petit-tour-dhorizon-de-lannee-2022-2023\/","title":{"rendered":"Petit tour d\u2019horizon de l\u2019ann\u00e9e 2022 &#8211; 2023"},"content":{"rendered":"\n<h3 class=\"wp-block-heading\"> <strong>Projet p\u00e9dagogique <\/strong> <\/h3>\n\n\n\n<p>Cette page est en cours de construction&#8230;<\/p>\n\n\n\n<p><strong>C\u00e9l\u00e9bration de No\u00ebl &#8211; 9 d\u00e9cembre 2022<\/strong><\/p>\n\n\n\n<p><\/p>\n\n\n\n<p>Ce matin, les \u00e9l\u00e8ves de la classe ont partag\u00e9 un temps avec les \u00e9l\u00e8ves de Cm2 autour d&rsquo;une c\u00e9l\u00e9bration de No\u00ebl : chants, recueillement, histoire de la naissance de J\u00e9sus, &#8230;<\/p>\n\n\n\n<p>Tous les \u00e9l\u00e8ves de l&rsquo;\u00e9cole ont confectionn\u00e9 un ange qui a \u00e9t\u00e9 d\u00e9pos\u00e9 autour de la cr\u00e8che. Puis, chacun, chacune est reparti avec l&rsquo;ange d&rsquo;un camarade<\/p>\n\n\n\n<figure class=\"wp-block-image size-large\"><img loading=\"lazy\" decoding=\"async\" width=\"1024\" height=\"769\" src=\"https:\/\/labrisedupilat.fr\/wp-content\/uploads\/2023\/02\/image-1024x769.png\" alt=\"\" class=\"wp-image-439\" srcset=\"https:\/\/labrisedupilat.fr\/wp-content\/uploads\/2023\/02\/image-1024x769.png 1024w, https:\/\/labrisedupilat.fr\/wp-content\/uploads\/2023\/02\/image-300x225.png 300w, https:\/\/labrisedupilat.fr\/wp-content\/uploads\/2023\/02\/image-768x577.png 768w, https:\/\/labrisedupilat.fr\/wp-content\/uploads\/2023\/02\/image.png 1500w\" sizes=\"(max-width: 767px) 89vw, (max-width: 1000px) 54vw, (max-width: 1071px) 543px, 580px\" \/><\/figure>\n\n\n\n<figure class=\"wp-block-image size-large\"><img loading=\"lazy\" decoding=\"async\" width=\"1024\" height=\"769\" src=\"https:\/\/labrisedupilat.fr\/wp-content\/uploads\/2023\/02\/image-1-1024x769.png\" alt=\"\" class=\"wp-image-440\" srcset=\"https:\/\/labrisedupilat.fr\/wp-content\/uploads\/2023\/02\/image-1-1024x769.png 1024w, https:\/\/labrisedupilat.fr\/wp-content\/uploads\/2023\/02\/image-1-300x225.png 300w, https:\/\/labrisedupilat.fr\/wp-content\/uploads\/2023\/02\/image-1-768x577.png 768w, https:\/\/labrisedupilat.fr\/wp-content\/uploads\/2023\/02\/image-1.png 1500w\" sizes=\"(max-width: 767px) 89vw, (max-width: 1000px) 54vw, (max-width: 1071px) 543px, 580px\" \/><\/figure>\n\n\n\n<figure class=\"wp-block-image size-large\"><img loading=\"lazy\" decoding=\"async\" width=\"1024\" height=\"769\" src=\"https:\/\/labrisedupilat.fr\/wp-content\/uploads\/2023\/02\/image-2-1024x769.png\" alt=\"\" class=\"wp-image-441\" srcset=\"https:\/\/labrisedupilat.fr\/wp-content\/uploads\/2023\/02\/image-2-1024x769.png 1024w, https:\/\/labrisedupilat.fr\/wp-content\/uploads\/2023\/02\/image-2-300x225.png 300w, https:\/\/labrisedupilat.fr\/wp-content\/uploads\/2023\/02\/image-2-768x577.png 768w, https:\/\/labrisedupilat.fr\/wp-content\/uploads\/2023\/02\/image-2.png 1500w\" sizes=\"(max-width: 767px) 89vw, (max-width: 1000px) 54vw, (max-width: 1071px) 543px, 580px\" \/><\/figure>\n\n\n\n<p><strong>1\u20262\u20263&#8230; philo<\/strong> &#8211; 9 d\u00e9cembre 2022<\/p>\n\n\n\n<p><\/p>\n\n\n\n<p>Jeudi apr\u00e8s-midi, les \u00e9l\u00e8ves ont particip\u00e9 \u00e0 leur premi\u00e8re s\u00e9ance de l&rsquo;atelier SEVE. Ils ont commenc\u00e9 par un temps de calme int\u00e9rieur pour entrer dans la s\u00e9ance et faire le point sur leur m\u00e9t\u00e9o \u00e9motionnelle et personnelle.<\/p>\n\n\n\n<p>Puis une discussion s&rsquo;est ouverte : quelle est la question la plus importante pour eux dont ils aimeraient d\u00e9battre ? Qu&rsquo;est ce que la philosophie ? Qu&rsquo;est ce qu&rsquo;une discussion ? Certains ont eu un r\u00f4le tr\u00e8s important \u00e0 tenir : gardien des r\u00e8gles, pr\u00e9sidente distribuant le galet de parole, secr\u00e9taire\/dessinateur.<\/p>\n\n\n\n<p>A la fin de la s\u00e9ance, les \u00e9l\u00e8ves ont partag\u00e9 une courte relaxation autour de la gamme des notes de musique. Do(s) bien droit, R\u00e9 spiration, Mi comme les mains jointes, les pouces Face \u00e0 Face, s&rsquo;ancrer dans le Sol, au La on rev\u00e9rifie toutes les notes et en Si (lence). Calme garanti !<\/p>\n\n\n\n<figure class=\"wp-block-image size-full\"><img loading=\"lazy\" decoding=\"async\" width=\"998\" height=\"753\" src=\"https:\/\/labrisedupilat.fr\/wp-content\/uploads\/2023\/02\/image-3.png\" alt=\"\" class=\"wp-image-442\" srcset=\"https:\/\/labrisedupilat.fr\/wp-content\/uploads\/2023\/02\/image-3.png 998w, https:\/\/labrisedupilat.fr\/wp-content\/uploads\/2023\/02\/image-3-300x226.png 300w, https:\/\/labrisedupilat.fr\/wp-content\/uploads\/2023\/02\/image-3-768x579.png 768w\" sizes=\"(max-width: 767px) 89vw, (max-width: 1000px) 54vw, (max-width: 1071px) 543px, 580px\" \/><\/figure>\n\n\n\n<p><strong>Spectacle de No\u00eal<\/strong><\/p>\n\n\n\n<p>Mardi 6 d\u00e9cembre 2022, nous assistons \u00e0 un concert du groupe Fahro dans la salle des f\u00eates. Ce spectacle est offert par la mairie aux deux \u00e9coles. Sur sc\u00e8ne, il y a deux chanteurs, deux cactus Saguaro violets pour le d\u00e9cor, une guitare \u00e9lectrique et une guitare acoustique, deux synth\u00e9tiseurs, une caisse claire et un rideau noir. Nous avons chant\u00e9 et dans\u00e9, tap\u00e9 des mains en rythme. A la fin, sur la musique de discowboy, toute la salle s&rsquo;est r\u00e9unie en une immense chenille. Ambiance assur\u00e9e ! Nous avons bien rigol\u00e9. Apr\u00e8s le concert, il y a eu un \u00e9changes avec les artistes.<\/p>\n\n\n\n<figure class=\"wp-block-image size-large\"><img loading=\"lazy\" decoding=\"async\" width=\"1024\" height=\"769\" src=\"https:\/\/labrisedupilat.fr\/wp-content\/uploads\/2023\/02\/image-4-1024x769.png\" alt=\"\" class=\"wp-image-443\" srcset=\"https:\/\/labrisedupilat.fr\/wp-content\/uploads\/2023\/02\/image-4-1024x769.png 1024w, https:\/\/labrisedupilat.fr\/wp-content\/uploads\/2023\/02\/image-4-300x225.png 300w, https:\/\/labrisedupilat.fr\/wp-content\/uploads\/2023\/02\/image-4-768x577.png 768w, https:\/\/labrisedupilat.fr\/wp-content\/uploads\/2023\/02\/image-4.png 1500w\" sizes=\"(max-width: 767px) 89vw, (max-width: 1000px) 54vw, (max-width: 1071px) 543px, 580px\" \/><\/figure>\n\n\n\n<figure class=\"wp-block-image size-large\"><img loading=\"lazy\" decoding=\"async\" width=\"1024\" height=\"769\" src=\"https:\/\/labrisedupilat.fr\/wp-content\/uploads\/2023\/02\/image-5-1024x769.png\" alt=\"\" class=\"wp-image-444\" srcset=\"https:\/\/labrisedupilat.fr\/wp-content\/uploads\/2023\/02\/image-5-1024x769.png 1024w, https:\/\/labrisedupilat.fr\/wp-content\/uploads\/2023\/02\/image-5-300x225.png 300w, https:\/\/labrisedupilat.fr\/wp-content\/uploads\/2023\/02\/image-5-768x577.png 768w, https:\/\/labrisedupilat.fr\/wp-content\/uploads\/2023\/02\/image-5.png 1500w\" sizes=\"(max-width: 767px) 89vw, (max-width: 1000px) 54vw, (max-width: 1071px) 543px, 580px\" \/><\/figure>\n","protected":false},"excerpt":{"rendered":"<p>Projet p\u00e9dagogique Cette page est en cours de construction&#8230; C\u00e9l\u00e9bration de No\u00ebl &#8211; 9 d\u00e9cembre 2022 Ce matin, les \u00e9l\u00e8ves de la classe ont partag\u00e9 un temps avec les \u00e9l\u00e8ves de Cm2 autour d&rsquo;une c\u00e9l\u00e9bration de No\u00ebl : chants, recueillement, histoire de la naissance de J\u00e9sus, &#8230; Tous les \u00e9l\u00e8ves de l&rsquo;\u00e9cole ont confectionn\u00e9 un &hellip; <\/p>\n<p class=\"link-more\"><a href=\"https:\/\/labrisedupilat.fr\/index.php\/petit-tour-dhorizon-de-lannee-2022-2023\/\" class=\"more-link\">Continuer la lecture<span class=\"screen-reader-text\"> de &laquo;&nbsp;Petit tour d\u2019horizon de l\u2019ann\u00e9e 2022 &#8211; 2023&nbsp;&raquo;<\/span><\/a><\/p>\n","protected":false},"author":1,"featured_media":0,"parent":0,"menu_order":0,"comment_status":"closed","ping_status":"closed","template":"","meta":{"footnotes":""},"_links":{"self":[{"href":"https:\/\/labrisedupilat.fr\/index.php\/wp-json\/wp\/v2\/pages\/438"}],"collection":[{"href":"https:\/\/labrisedupilat.fr\/index.php\/wp-json\/wp\/v2\/pages"}],"about":[{"href":"https:\/\/labrisedupilat.fr\/index.php\/wp-json\/wp\/v2\/types\/page"}],"author":[{"embeddable":true,"href":"https:\/\/labrisedupilat.fr\/index.php\/wp-json\/wp\/v2\/users\/1"}],"replies":[{"embeddable":true,"href":"https:\/\/labrisedupilat.fr\/index.php\/wp-json\/wp\/v2\/comments?post=438"}],"version-history":[{"count":1,"href":"https:\/\/labrisedupilat.fr\/index.php\/wp-json\/wp\/v2\/pages\/438\/revisions"}],"predecessor-version":[{"id":446,"href":"https:\/\/labrisedupilat.fr\/index.php\/wp-json\/wp\/v2\/pages\/438\/revisions\/446"}],"wp:attachment":[{"href":"https:\/\/labrisedupilat.fr\/index.php\/wp-json\/wp\/v2\/media?parent=438"}],"curies":[{"name":"wp","href":"https:\/\/api.w.org\/{rel}","templated":true}]}}