{"id":44,"date":"2018-05-29T21:21:03","date_gmt":"2018-05-29T19:21:03","guid":{"rendered":"http:\/\/labrisedupilat.fr\/?page_id=44"},"modified":"2024-10-01T13:00:05","modified_gmt":"2024-10-01T11:00:05","slug":"ogec","status":"publish","type":"page","link":"https:\/\/labrisedupilat.fr\/index.php\/ogec\/","title":{"rendered":"OGEC"},"content":{"rendered":"<div class=\"entry-content\">\n<div id=\"comp-ixwzgg0r_NewsPostsView_i6m78132490_dup_i6qm3pea337_dup_i6tbtsmw87_dup_i70h8xsg189_dup_i7g5p5vd171_imuonllr_iv274rvn_iv2fihmo_iv2jjk91_iv2jkcsc_iv3mpxc5_iv6f20gw_iv6fhjwa_iv6ga0ul_ivpgj87r_ivqjf5qk_ivxjm586_ivz9hkfh_ivzb7ofm_ivzbloss_iw3b63jl_ixwzgg5n_NewsPosts_i6m78132489_193__0_0_0_0_Center\" class=\"flex_display flex_vbox\">\n<h1><span style=\"color: #993300;\">OGEC : <\/span><span style=\"color: #993300;\">Organisme de Gestion de l\u2019Enseignement Catholique.<\/span><\/h1>\n<p><b>Qu\u2019est-ce qu\u2019un OGEC?<\/b><\/p>\n<p><b>Les missions de l\u2019OGEC\u00a0: <\/b>Etant responsable de la gestion de l\u2019\u00e9tablissement, l\u2019OGEC assure<\/p>\n<p>\u2013<b>la gestion financi\u00e8re et comptable de l\u2019\u00e9tablissement<\/b><\/p>\n<p>fixe le montant des contributions, des participations des familles, \u00e9labore et suit r\u00e9guli\u00e8rement l\u2019ex\u00e9cution du budget.<\/p>\n<p>\u2013<b>la fonction d\u2019employeur des personnels non enseignant<\/b><\/p>\n<p>r\u00e9dige les contrats de travail, en appliquant les conventions collectives et les lois sociales.<\/p>\n<p>\u2013<b>l\u2019entretien du patrimoine immobilier et mobilier<\/b><\/p>\n<p>entretient les b\u00e2timents scolaires dans le respect des r\u00e8gles d\u2019hygi\u00e8ne, de s\u00e9curit\u00e9 et de mises aux normes<\/p>\n<p>ach\u00e8te les biens et le mat\u00e9riel n\u00e9cessaire \u00e0 l\u2019\u00e9tablissement.<\/p>\n<p>\u2192Pour des travaux importants nous consultons des entreprises locales (ma\u00e7onnerie, plomberie, \u00e9lectricit\u00e9\u2026).<\/p>\n<p>\u2192Pour l\u2019entretien des b\u00e2timents scolaires, nous organisons des matin\u00e9es (ou soir\u00e9es) travaux et faisons appel \u00e0 des parents volontaires (peinture, bricolage et r\u00e9paration diverses\u2026).<\/p>\n<p><b>L\u2019aide b\u00e9n\u00e9vole des parents permet de ne pas engager trop de frais et ainsi de limiter les contributions demand\u00e9es aux familles.<\/b><\/p>\n<p>Afin de nous orienter dans nos activit\u00e9s et pour nous donner un conseil ou un avis, nous avons besoin de conna\u00eetre les comp\u00e9tences de chacun.<\/p>\n<p><b>Cette<\/b> <b>\u00ab\u00a0liste\u00a0\u00bb n\u2019engage en rien <\/b>mais peut nous \u00eatre tr\u00e8s utile.<\/p>\n<p>Vous \u00eates professionnel ou bricoleur, merci de vous faire conna\u00eetre via le mail de l\u2019\u00e9cole.<\/p>\n<p>Pour pallier aux investissements divers (achat de mat\u00e9riel, fournitures scolaires, livres, chauffage, assurance des b\u00e2timents etc\u2026), aux travaux d\u2019entretien faits r\u00e9guli\u00e8rement dans l\u2019\u00e9cole et aux frais de personnel (agents de service et aide maternelle), l\u2019organisme de gestion demande une participation financi\u00e8re aux familles.<\/p>\n<p>Pour le bureau de l\u2019O.G.E.C.<\/p>\n<p><strong>Le pr\u00e9sident Cyril GRIOTIER<br \/>\n<\/strong><\/p>\n<\/div>\n<\/div>\n","protected":false},"excerpt":{"rendered":"<p>OGEC : Organisme de Gestion de l\u2019Enseignement Catholique. Qu\u2019est-ce qu\u2019un OGEC? Les missions de l\u2019OGEC\u00a0: Etant responsable de la gestion de l\u2019\u00e9tablissement, l\u2019OGEC assure \u2013la gestion financi\u00e8re et comptable de l\u2019\u00e9tablissement fixe le montant des contributions, des participations des familles, \u00e9labore et suit r\u00e9guli\u00e8rement l\u2019ex\u00e9cution du budget. \u2013la fonction d\u2019employeur des personnels non enseignant r\u00e9dige &hellip; <\/p>\n<p class=\"link-more\"><a href=\"https:\/\/labrisedupilat.fr\/index.php\/ogec\/\" class=\"more-link\">Continuer la lecture<span class=\"screen-reader-text\"> de &laquo;&nbsp;OGEC&nbsp;&raquo;<\/span><\/a><\/p>\n","protected":false},"author":1,"featured_media":0,"parent":0,"menu_order":0,"comment_status":"closed","ping_status":"closed","template":"","meta":{"footnotes":""},"_links":{"self":[{"href":"https:\/\/labrisedupilat.fr\/index.php\/wp-json\/wp\/v2\/pages\/44"}],"collection":[{"href":"https:\/\/labrisedupilat.fr\/index.php\/wp-json\/wp\/v2\/pages"}],"about":[{"href":"https:\/\/labrisedupilat.fr\/index.php\/wp-json\/wp\/v2\/types\/page"}],"author":[{"embeddable":true,"href":"https:\/\/labrisedupilat.fr\/index.php\/wp-json\/wp\/v2\/users\/1"}],"replies":[{"embeddable":true,"href":"https:\/\/labrisedupilat.fr\/index.php\/wp-json\/wp\/v2\/comments?post=44"}],"version-history":[{"count":7,"href":"https:\/\/labrisedupilat.fr\/index.php\/wp-json\/wp\/v2\/pages\/44\/revisions"}],"predecessor-version":[{"id":462,"href":"https:\/\/labrisedupilat.fr\/index.php\/wp-json\/wp\/v2\/pages\/44\/revisions\/462"}],"wp:attachment":[{"href":"https:\/\/labrisedupilat.fr\/index.php\/wp-json\/wp\/v2\/media?parent=44"}],"curies":[{"name":"wp","href":"https:\/\/api.w.org\/{rel}","templated":true}]}}