{"id":50,"date":"2018-05-29T21:24:15","date_gmt":"2018-05-29T19:24:15","guid":{"rendered":"http:\/\/labrisedupilat.fr\/?page_id=50"},"modified":"2025-02-11T21:44:17","modified_gmt":"2025-02-11T20:44:17","slug":"inscription","status":"publish","type":"page","link":"https:\/\/labrisedupilat.fr\/index.php\/inscription\/","title":{"rendered":"Inscription"},"content":{"rendered":"<div class=\"entry-content\">\n<p>Les demandes d\u2019inscription sont possibles \u00e0 tout moment de l\u2019ann\u00e9e scolaire.<\/p>\n<p><strong><em>Toutefois, nous vous invitons \u00e0 faire les d\u00e9marches pour la rentr\u00e9e scolaire suivante en janvier et f\u00e9vrier.<\/em><\/strong><\/p>\n<p>Vous pouvez prendre rendez-vous aupr\u00e8s de la directrice de l&rsquo;\u00e9cole au 04.74.87.43.45 ou par l&rsquo;interm\u00e9diaire de la page contact. Vous pourrez visiter l\u2019\u00e9cole, sans engagement de votre part, avant de prendre votre d\u00e9cision.<\/p>\n<\/div>\n\n\n<p><\/p>\n","protected":false},"excerpt":{"rendered":"<p>Les demandes d\u2019inscription sont possibles \u00e0 tout moment de l\u2019ann\u00e9e scolaire. Toutefois, nous vous invitons \u00e0 faire les d\u00e9marches pour la rentr\u00e9e scolaire suivante en janvier et f\u00e9vrier. Vous pouvez prendre rendez-vous aupr\u00e8s de la directrice de l&rsquo;\u00e9cole au 04.74.87.43.45 ou par l&rsquo;interm\u00e9diaire de la page contact. Vous pourrez visiter l\u2019\u00e9cole, sans engagement de votre &hellip; <\/p>\n<p class=\"link-more\"><a href=\"https:\/\/labrisedupilat.fr\/index.php\/inscription\/\" class=\"more-link\">Continuer la lecture<span class=\"screen-reader-text\"> de &laquo;&nbsp;Inscription&nbsp;&raquo;<\/span><\/a><\/p>\n","protected":false},"author":1,"featured_media":200,"parent":0,"menu_order":0,"comment_status":"closed","ping_status":"closed","template":"","meta":{"footnotes":""},"_links":{"self":[{"href":"https:\/\/labrisedupilat.fr\/index.php\/wp-json\/wp\/v2\/pages\/50"}],"collection":[{"href":"https:\/\/labrisedupilat.fr\/index.php\/wp-json\/wp\/v2\/pages"}],"about":[{"href":"https:\/\/labrisedupilat.fr\/index.php\/wp-json\/wp\/v2\/types\/page"}],"author":[{"embeddable":true,"href":"https:\/\/labrisedupilat.fr\/index.php\/wp-json\/wp\/v2\/users\/1"}],"replies":[{"embeddable":true,"href":"https:\/\/labrisedupilat.fr\/index.php\/wp-json\/wp\/v2\/comments?post=50"}],"version-history":[{"count":9,"href":"https:\/\/labrisedupilat.fr\/index.php\/wp-json\/wp\/v2\/pages\/50\/revisions"}],"predecessor-version":[{"id":475,"href":"https:\/\/labrisedupilat.fr\/index.php\/wp-json\/wp\/v2\/pages\/50\/revisions\/475"}],"wp:featuredmedia":[{"embeddable":true,"href":"https:\/\/labrisedupilat.fr\/index.php\/wp-json\/wp\/v2\/media\/200"}],"wp:attachment":[{"href":"https:\/\/labrisedupilat.fr\/index.php\/wp-json\/wp\/v2\/media?parent=50"}],"curies":[{"name":"wp","href":"https:\/\/api.w.org\/{rel}","templated":true}]}}