{"id":53,"date":"2018-05-29T21:25:07","date_gmt":"2018-05-29T19:25:07","guid":{"rendered":"http:\/\/labrisedupilat.fr\/?page_id=53"},"modified":"2018-06-05T15:34:30","modified_gmt":"2018-06-05T13:34:30","slug":"restauration-scolaire-et-periscolaire","status":"publish","type":"page","link":"https:\/\/labrisedupilat.fr\/index.php\/restauration-scolaire-et-periscolaire\/","title":{"rendered":"Restauration scolaire et P\u00e9riscolaire"},"content":{"rendered":"<div class=\"entry-content\">\n<h1><span style=\"color: #993300;\">RESTAURATION SCOLAIRE<\/span><\/h1>\n<p>Le service municipal de restauration scolaire accueille chaque midi les \u00e9l\u00e8ves.<\/p>\n<p>Vous trouverez l\u2019ensemble des renseignements n\u00e9cessaires en cliquant sur le lien suivant qui vous redirige sur la page de pr\u00e9sentation de la restauration scolaire :<\/p>\n<p><a href=\"https:\/\/www.maclas.fr\/cantine\" target=\"_blank\" rel=\"noopener\">Description, tarifs et inscription<\/a><\/p>\n<p><a href=\"https:\/\/www.maclas.fr\/cantine?lightbox=dataItem-jhm0tiye\" target=\"_blank\" rel=\"noopener\">Menu de la semaine<\/a><\/p>\n<h1><span style=\"color: #993300;\">PERISCOLAIRE<\/span><\/h1>\n<p>Les \u00e9l\u00e8ves peuvent b\u00e9n\u00e9ficier de l\u2019accueil p\u00e9riscolaire, propos\u00e9 par la municipalit\u00e9, dans les locaux de la Maison des Associations.<\/p>\n<p>En fonction de vos besoins, les enfants sont accueillis le matin avant la classe \u00e0 partir de 7h30 et prennent le chemin de l\u2019accueil p\u00e9riscolaire \u00e0 partir de 16h40 o\u00f9 ils peuvent \u00eatre pris en charge jusqu\u2019\u00e0 18h30.<\/p>\n<p>Vous trouverez l\u2019ensemble des renseignements n\u00e9cessaires en cliquant sur le lien suivant qui vous redirige sur la page de pr\u00e9sentation de l\u2019accueil p\u00e9riscolaire :<\/p>\n<p><a href=\"https:\/\/www.maclas.fr\/blank-d94tt\" target=\"_blank\" rel=\"noopener\">Description, horaires, tarifs et inscription<\/a><\/p>\n<\/div>\n","protected":false},"excerpt":{"rendered":"<p>RESTAURATION SCOLAIRE Le service municipal de restauration scolaire accueille chaque midi les \u00e9l\u00e8ves. Vous trouverez l\u2019ensemble des renseignements n\u00e9cessaires en cliquant sur le lien suivant qui vous redirige sur la page de pr\u00e9sentation de la restauration scolaire : Description, tarifs et inscription Menu de la semaine PERISCOLAIRE Les \u00e9l\u00e8ves peuvent b\u00e9n\u00e9ficier de l\u2019accueil p\u00e9riscolaire, propos\u00e9 &hellip; <\/p>\n<p class=\"link-more\"><a href=\"https:\/\/labrisedupilat.fr\/index.php\/restauration-scolaire-et-periscolaire\/\" class=\"more-link\">Continuer la lecture<span class=\"screen-reader-text\"> de &laquo;&nbsp;Restauration scolaire et P\u00e9riscolaire&nbsp;&raquo;<\/span><\/a><\/p>\n","protected":false},"author":1,"featured_media":0,"parent":0,"menu_order":0,"comment_status":"closed","ping_status":"closed","template":"","meta":{"footnotes":""},"_links":{"self":[{"href":"https:\/\/labrisedupilat.fr\/index.php\/wp-json\/wp\/v2\/pages\/53"}],"collection":[{"href":"https:\/\/labrisedupilat.fr\/index.php\/wp-json\/wp\/v2\/pages"}],"about":[{"href":"https:\/\/labrisedupilat.fr\/index.php\/wp-json\/wp\/v2\/types\/page"}],"author":[{"embeddable":true,"href":"https:\/\/labrisedupilat.fr\/index.php\/wp-json\/wp\/v2\/users\/1"}],"replies":[{"embeddable":true,"href":"https:\/\/labrisedupilat.fr\/index.php\/wp-json\/wp\/v2\/comments?post=53"}],"version-history":[{"count":5,"href":"https:\/\/labrisedupilat.fr\/index.php\/wp-json\/wp\/v2\/pages\/53\/revisions"}],"predecessor-version":[{"id":187,"href":"https:\/\/labrisedupilat.fr\/index.php\/wp-json\/wp\/v2\/pages\/53\/revisions\/187"}],"wp:attachment":[{"href":"https:\/\/labrisedupilat.fr\/index.php\/wp-json\/wp\/v2\/media?parent=53"}],"curies":[{"name":"wp","href":"https:\/\/api.w.org\/{rel}","templated":true}]}}