{"id":55,"date":"2018-05-29T21:25:56","date_gmt":"2018-05-29T19:25:56","guid":{"rendered":"http:\/\/labrisedupilat.fr\/?page_id=55"},"modified":"2025-04-09T15:53:22","modified_gmt":"2025-04-09T13:53:22","slug":"horaires","status":"publish","type":"page","link":"https:\/\/labrisedupilat.fr\/index.php\/horaires\/","title":{"rendered":"Horaires"},"content":{"rendered":"<div class=\"entry-content\">\n<div class=\"entry-content\">\n<p><strong>Semaine de 4 jours\u00a0 : lundi, mardi, jeudi, vendredi<\/strong><\/p>\n<p><strong>8 h 30 <\/strong>(accueil \u00e0 partir de 8 h 15) \u00e0<strong> 11 h 45. <\/strong>A noter que le portail s&rsquo;ouvre \u00e0 11h40 pour les Maternelles.<\/p>\n<p><strong>13 h 35 \u00e0 16 h 30<\/strong> (accueil \u00e0 partir de 13 h 30)<\/p>\n<\/div>\n<\/div>\n\n\n<figure class=\"wp-block-image size-large\"><img loading=\"lazy\" decoding=\"async\" width=\"768\" height=\"1024\" src=\"https:\/\/labrisedupilat.fr\/wp-content\/uploads\/2019\/12\/343-768x1024.jpg\" alt=\"\" class=\"wp-image-385\" srcset=\"https:\/\/labrisedupilat.fr\/wp-content\/uploads\/2019\/12\/343-768x1024.jpg 768w, https:\/\/labrisedupilat.fr\/wp-content\/uploads\/2019\/12\/343-225x300.jpg 225w, https:\/\/labrisedupilat.fr\/wp-content\/uploads\/2019\/12\/343-1152x1536.jpg 1152w, https:\/\/labrisedupilat.fr\/wp-content\/uploads\/2019\/12\/343-1536x2048.jpg 1536w, https:\/\/labrisedupilat.fr\/wp-content\/uploads\/2019\/12\/343-scaled.jpg 1920w\" sizes=\"(max-width: 767px) 89vw, (max-width: 1000px) 54vw, (max-width: 1071px) 543px, 580px\" \/><\/figure>\n","protected":false},"excerpt":{"rendered":"<p>Semaine de 4 jours\u00a0 : lundi, mardi, jeudi, vendredi 8 h 30 (accueil \u00e0 partir de 8 h 15) \u00e0 11 h 45. A noter que le portail s&rsquo;ouvre \u00e0 11h40 pour les Maternelles. 13 h 35 \u00e0 16 h 30 (accueil \u00e0 partir de 13 h 30)<\/p>\n","protected":false},"author":1,"featured_media":102,"parent":0,"menu_order":0,"comment_status":"closed","ping_status":"closed","template":"","meta":{"footnotes":""},"_links":{"self":[{"href":"https:\/\/labrisedupilat.fr\/index.php\/wp-json\/wp\/v2\/pages\/55"}],"collection":[{"href":"https:\/\/labrisedupilat.fr\/index.php\/wp-json\/wp\/v2\/pages"}],"about":[{"href":"https:\/\/labrisedupilat.fr\/index.php\/wp-json\/wp\/v2\/types\/page"}],"author":[{"embeddable":true,"href":"https:\/\/labrisedupilat.fr\/index.php\/wp-json\/wp\/v2\/users\/1"}],"replies":[{"embeddable":true,"href":"https:\/\/labrisedupilat.fr\/index.php\/wp-json\/wp\/v2\/comments?post=55"}],"version-history":[{"count":7,"href":"https:\/\/labrisedupilat.fr\/index.php\/wp-json\/wp\/v2\/pages\/55\/revisions"}],"predecessor-version":[{"id":509,"href":"https:\/\/labrisedupilat.fr\/index.php\/wp-json\/wp\/v2\/pages\/55\/revisions\/509"}],"wp:featuredmedia":[{"embeddable":true,"href":"https:\/\/labrisedupilat.fr\/index.php\/wp-json\/wp\/v2\/media\/102"}],"wp:attachment":[{"href":"https:\/\/labrisedupilat.fr\/index.php\/wp-json\/wp\/v2\/media?parent=55"}],"curies":[{"name":"wp","href":"https:\/\/api.w.org\/{rel}","templated":true}]}}